{"id":10926,"date":"2026-03-06T00:42:07","date_gmt":"2026-03-05T23:42:07","guid":{"rendered":"https:\/\/seobest.de\/demo02032655\/?page_id=10926"},"modified":"2026-04-28T14:42:00","modified_gmt":"2026-04-28T12:42:00","slug":"artison-contact-person","status":"publish","type":"page","link":"https:\/\/koernergabelstapler.de\/en\/?page_id=10926","title":{"rendered":"ARTISON CONTACT PERSON"},"content":{"rendered":"\n<h2 class=\"wp-block-heading has-text-align-center fwd_class o-typing-fast has-black-color has-text-color has-background has-link-color wp-elements-4de570c3ac8de03f82fa8073f191e959\" style=\"background-color:#fed03d;font-size:2.5rem\"><o-anim-typing>Your ARTISON dealers in Germany<\/o-anim-typing><\/h2>\n\n\n\n<div style=\"height:100px\" aria-hidden=\"true\" class=\"wp-block-spacer\"><\/div>\n\n\n\n<div class=\"wp-block-columns animated fadeInLeft is-layout-flex wp-container-core-columns-is-layout-9d6595d7 wp-block-columns-is-layout-flex\">\n<div class=\"wp-block-column col_hmn is-layout-flow wp-block-column-is-layout-flow\">\n<div style=\"height:50px\" aria-hidden=\"true\" class=\"wp-block-spacer\"><\/div>\n\n\n<div class=\"wp-block-image\">\n<figure class=\"aligncenter size-full\"><img loading=\"lazy\" decoding=\"async\" width=\"310\" height=\"409\" src=\"https:\/\/koernergabelstapler.de\/en\/wp-content\/uploads\/2026\/03\/Haendlerkarte-.png\" alt=\"\" class=\"wp-image-11605\" srcset=\"https:\/\/koernergabelstapler.de\/en\/wp-content\/uploads\/2026\/03\/Haendlerkarte-.png 310w, https:\/\/koernergabelstapler.de\/en\/wp-content\/uploads\/2026\/03\/Haendlerkarte--227x300.png 227w\" sizes=\"auto, (max-width: 310px) 100vw, 310px\" \/><\/figure>\n<\/div><\/div>\n\n\n\n<div class=\"wp-block-column is-vertically-aligned-center is-layout-flow wp-block-column-is-layout-flow\">\n<h3 class=\"wp-block-heading has-text-color has-link-color wp-elements-198d3d71c5c623b6f38c847be0f89c89\" style=\"color:#fed03d\">ARTISON<\/h3>\n\n\n\n<h2 class=\"wp-block-heading o-typing-delay-100ms has-x-large-font-size\">Service partners<\/h2>\n\n\n\n<hr class=\"wp-block-separator has-text-color has-alpha-channel-opacity has-background is-style-wide\" style=\"background-color:#fed03d;color:#fed03d\"\/>\n\n\n\n<h3 class=\"wp-block-heading\">Close to you \u2013 local contact partner<\/h3>\n\n\n\n<p style=\"font-size:16px\">ARTISON Germany offers you a comprehensive system with regional expertise in support and consulting, also near you.<\/p>\n\n\n\n<p style=\"font-size:16px\">Through our extensive dealer network in Germany, you can easily find your local customer service.<\/p>\n<\/div>\n<\/div>\n\n\n\n<div style=\"height:100px\" aria-hidden=\"true\" class=\"wp-block-spacer\"><\/div>\n\n\n\n<div class=\"wp-block-columns animated fadeInRight is-layout-flex wp-container-core-columns-is-layout-9d6595d7 wp-block-columns-is-layout-flex\" style=\"font-size:16px\">\n<div class=\"wp-block-column col_hmn is-layout-flow wp-block-column-is-layout-flow\">\n<div style=\"height:15px\" aria-hidden=\"true\" class=\"wp-block-spacer\"><\/div>\n\n\n\n<h3 class=\"wp-block-heading\">1. ARTISON Deutschland<\/h3>\n\n\n\n<hr class=\"wp-block-separator has-text-color has-alpha-channel-opacity has-background is-style-wide\" style=\"background-color:#ffd500;color:#ffd500\"\/>\n\n\n\n<div style=\"height:15px\" aria-hidden=\"true\" class=\"wp-block-spacer\"><\/div>\n\n\n\n<p>W. K\u00f6rner Gabelstapler GmbH<br>38179 Gro\u00df Schw\u00fclper<br>Phone: 0 5303 \/ 95 95-0<br><a href=\"mailto:info@artison-deutschland.de\">info@artison-deutschland.de<\/a><\/p>\n<\/div>\n\n\n\n<div class=\"wp-block-column col_hmn is-layout-flow wp-block-column-is-layout-flow\">\n<div style=\"height:15px\" aria-hidden=\"true\" class=\"wp-block-spacer\"><\/div>\n\n\n\n<h3 class=\"wp-block-heading\">2. Hinte FlurF\u00f6rderTechnik<\/h3>\n\n\n\n<hr class=\"wp-block-separator has-text-color has-alpha-channel-opacity has-background is-style-wide\" style=\"background-color:#ffd500;color:#ffd500\"\/>\n\n\n\n<div style=\"height:15px\" aria-hidden=\"true\" class=\"wp-block-spacer\"><\/div>\n\n\n\n<p>Service &amp; Vertrieb<br>Steller Heide 7<br>28790 Schwanewede<br>Phone: 0171 \/ 7 93 59 80<br><a href=\"mailto:fft-hinte@web.de\">fft-hinte@web.de<\/a><\/p>\n<\/div>\n\n\n\n<div class=\"wp-block-column col_hmn is-layout-flow wp-block-column-is-layout-flow\">\n<div style=\"height:15px\" aria-hidden=\"true\" class=\"wp-block-spacer\"><\/div>\n\n\n\n<h3 class=\"wp-block-heading\">3. Staplerservice-Weserbergland<\/h3>\n\n\n\n<hr class=\"wp-block-separator has-text-color has-alpha-channel-opacity has-background is-style-wide\" style=\"background-color:#ffd500;color:#ffd500\"\/>\n\n\n\n<div style=\"height:15px\" aria-hidden=\"true\" class=\"wp-block-spacer\"><\/div>\n\n\n\n<p>Deenser Stra\u00dfe 9<br>37627 Stadtoldendorf<br>Phone: 0 55 32 \/ 5 01 96 81<br><a href=\"mailto:info@staplerservice-weserbergland.de\">info@staplerservice-weserbergland.de<\/a><br><a href=\"https:\/\/www.staplerservice-weserbergland.de\/\" target=\"_blank\" rel=\"noreferrer noopener\">www.staplerservice-weserbergland.de<\/a><\/p>\n<\/div>\n<\/div>\n\n\n\n<div style=\"height:25px\" aria-hidden=\"true\" class=\"wp-block-spacer\"><\/div>\n\n\n\n<div class=\"wp-block-columns animated fadeInLeft is-layout-flex wp-container-core-columns-is-layout-9d6595d7 wp-block-columns-is-layout-flex\" style=\"font-size:16px\">\n<div class=\"wp-block-column col_hmn is-layout-flow wp-block-column-is-layout-flow\">\n<div style=\"height:15px\" aria-hidden=\"true\" class=\"wp-block-spacer\"><\/div>\n\n\n\n<h3 class=\"wp-block-heading\">4. B+K F\u00f6rdertechnik GmbH<\/h3>\n\n\n\n<hr class=\"wp-block-separator has-text-color has-alpha-channel-opacity has-background is-style-wide\" style=\"background-color:#ffd500;color:#ffd500\"\/>\n\n\n\n<div style=\"height:15px\" aria-hidden=\"true\" class=\"wp-block-spacer\"><\/div>\n\n\n\n<p>K\u00f6nigsbergerstra\u00dfe 17<br>58511 L\u00fcdenscheid<br>Phone: 0 23 51 \/ 66 30 70<br><a href=\"mailto:info@staplercenter-luedenscheid.de\">info@staplercenter-luedenscheid.de<\/a><br><a href=\"http:\/\/www.staplercenter-luedenscheid.de\/\" target=\"_blank\" rel=\"noreferrer noopener\">www.staplercenter-luedenscheid.de<\/a><\/p>\n<\/div>\n\n\n\n<div class=\"wp-block-column col_hmn is-layout-flow wp-block-column-is-layout-flow\">\n<div style=\"height:15px\" aria-hidden=\"true\" class=\"wp-block-spacer\"><\/div>\n\n\n\n<h3 class=\"wp-block-heading\">5. Brune Gabelstapler GmbH<\/h3>\n\n\n\n<hr class=\"wp-block-separator has-text-color has-alpha-channel-opacity has-background is-style-wide\" style=\"background-color:#ffd500;color:#ffd500\"\/>\n\n\n\n<div style=\"height:15px\" aria-hidden=\"true\" class=\"wp-block-spacer\"><\/div>\n\n\n\n<p>50374 Erftstadt<br>Phone: 0 22 35 \/ 92 23 16<br><a href=\"mailto:brune_gabelstapler_gmbH@t-online.de\">brune_gabelstapler_gmbH@t-online.de<\/a><br><a href=\"http:\/\/www.brune-gabelstapler.de\/\" target=\"_blank\" rel=\"noreferrer noopener\">www.brune-gabelstapler.de<\/a><\/p>\n<\/div>\n\n\n\n<div class=\"wp-block-column col_hmn is-layout-flow wp-block-column-is-layout-flow\">\n<div style=\"height:15px\" aria-hidden=\"true\" class=\"wp-block-spacer\"><\/div>\n\n\n\n<h3 class=\"wp-block-heading\">6. K\u00fcpper Agrar Landtechnik<\/h3>\n\n\n\n<hr class=\"wp-block-separator has-text-color has-alpha-channel-opacity has-background is-style-wide\" style=\"background-color:#ffd500;color:#ffd500\"\/>\n\n\n\n<div style=\"height:15px\" aria-hidden=\"true\" class=\"wp-block-spacer\"><\/div>\n\n\n\n<p>Blumengasse 2-4<br>52156 Monschau<br>Phone: 0 24 72 \/ 80 31 80, <br>Fax 0 24 72 \/ 91 23 84<br><a href=\"mailto:info@kuepperagrar.de\">info@kuepperagrar.de<\/a><br><a href=\"http:\/\/42942.granitpartner.de\/\" target=\"_blank\" rel=\"noreferrer noopener\">www.kuepperagrar.de<\/a><\/p>\n<\/div>\n<\/div>\n\n\n\n<div style=\"height:25px\" aria-hidden=\"true\" class=\"wp-block-spacer\"><\/div>\n\n\n\n<div class=\"wp-block-columns animated fadeInRight is-layout-flex wp-container-core-columns-is-layout-9d6595d7 wp-block-columns-is-layout-flex\" style=\"font-size:16px\">\n<div class=\"wp-block-column col_hmn is-layout-flow wp-block-column-is-layout-flow\">\n<div style=\"height:15px\" aria-hidden=\"true\" class=\"wp-block-spacer\"><\/div>\n\n\n\n<h3 class=\"wp-block-heading\">7. Gabelstapler Elster GmbH<\/h3>\n\n\n\n<hr class=\"wp-block-separator has-text-color has-alpha-channel-opacity has-background is-style-wide\" style=\"background-color:#ffd500;color:#ffd500\"\/>\n\n\n\n<div style=\"height:15px\" aria-hidden=\"true\" class=\"wp-block-spacer\"><\/div>\n\n\n\n<p>06918 Elster\/Elbe<br>Phone: 03 53 83 \/ 2 02 32<br><a href=\"mailto:info@staplerprofi.de\">info@staplerprofi.de<\/a><br><a href=\"http:\/\/www.staplerprofi.de\/\" target=\"_blank\" rel=\"noreferrer noopener\">www.staplerprofi.de<\/a><\/p>\n<\/div>\n\n\n\n<div class=\"wp-block-column col_hmn is-layout-flow wp-block-column-is-layout-flow\">\n<div style=\"height:15px\" aria-hidden=\"true\" class=\"wp-block-spacer\"><\/div>\n\n\n\n<h3 class=\"wp-block-heading\">8. Neidhardt &amp; Co. GmbH<\/h3>\n\n\n\n<hr class=\"wp-block-separator has-text-color has-alpha-channel-opacity has-background is-style-wide\" style=\"background-color:#ffd500;color:#ffd500\"\/>\n\n\n\n<div style=\"height:15px\" aria-hidden=\"true\" class=\"wp-block-spacer\"><\/div>\n\n\n\n<p>04741 Ro\u00dfwein<br>Phone: 03 43 22 \/ 4 22 54<br><a href=\"mailto:info@neidhardt-stapler.de\">info@neidhardt-stapler.de<\/a><br><a href=\"https:\/\/www.neidhardt-stapler.de\/\" target=\"_blank\" rel=\"noreferrer noopener\">www.neidhardt-stapler.de<\/a><\/p>\n<\/div>\n\n\n\n<div class=\"wp-block-column col_hmn is-layout-flow wp-block-column-is-layout-flow\">\n<div style=\"height:15px\" aria-hidden=\"true\" class=\"wp-block-spacer\"><\/div>\n\n\n\n<h3 class=\"wp-block-heading\">9. STAPLER MEISTER SERVICE<\/h3>\n\n\n\n<hr class=\"wp-block-separator has-text-color has-alpha-channel-opacity has-background is-style-wide\" style=\"background-color:#ffd500;color:#ffd500\"\/>\n\n\n\n<div style=\"height:15px\" aria-hidden=\"true\" class=\"wp-block-spacer\"><\/div>\n\n\n\n<p>09127 Chemnitz<br>Phone: 03 71 \/ 77 25 29<br><a href=\"mailto:info@staplermeisterservice.de\">info@staplermeisterservice.de<\/a><br><a href=\"https:\/\/staplermeisterservice.de\/\" target=\"_blank\" rel=\"noreferrer noopener\">www.staplermeisterservice.de<\/a><\/p>\n<\/div>\n<\/div>\n\n\n\n<div style=\"height:25px\" aria-hidden=\"true\" class=\"wp-block-spacer\"><\/div>\n\n\n\n<div class=\"wp-block-columns animated fadeInLeft is-layout-flex wp-container-core-columns-is-layout-9d6595d7 wp-block-columns-is-layout-flex\" style=\"font-size:16px\">\n<div class=\"wp-block-column col_hmn is-layout-flow wp-block-column-is-layout-flow\">\n<div style=\"height:15px\" aria-hidden=\"true\" class=\"wp-block-spacer\"><\/div>\n\n\n\n<h3 class=\"wp-block-heading\">7. HEBEMAX GmbH<\/h3>\n\n\n\n<hr class=\"wp-block-separator has-text-color has-alpha-channel-opacity has-background is-style-wide\" style=\"background-color:#ffd500;color:#ffd500\"\/>\n\n\n\n<div style=\"height:15px\" aria-hidden=\"true\" class=\"wp-block-spacer\"><\/div>\n\n\n\n<p>07745 Jena<br>Phone: 036 41 \/ 60 77 48<br><a href=\"mailto:kontakt@hebemax.de\">kontakt@hebemax.de<\/a><br><a href=\"http:\/\/www.hebemax.de\/\" target=\"_blank\" rel=\"noreferrer noopener\">www.hebemax.de<\/a><\/p>\n<\/div>\n\n\n\n<div class=\"wp-block-column col_hmn is-layout-flow wp-block-column-is-layout-flow\">\n<div style=\"height:15px\" aria-hidden=\"true\" class=\"wp-block-spacer\"><\/div>\n\n\n\n<h3 class=\"wp-block-heading\">8. Hecker Gabelstapler<\/h3>\n\n\n\n<hr class=\"wp-block-separator has-text-color has-alpha-channel-opacity has-background is-style-wide\" style=\"background-color:#ffd500;color:#ffd500\"\/>\n\n\n\n<div style=\"height:15px\" aria-hidden=\"true\" class=\"wp-block-spacer\"><\/div>\n\n\n\n<p>93343 Essing<br>Phone: 0 94 47 \/ 2 28<br><a href=\"mailto:hecker-gabelstapler@t-online.de\">hecker-gabelstapler@t-online.de<\/a><br><a href=\"http:\/\/www.hecker-gabelstapler.de\/\" target=\"_blank\" rel=\"noreferrer noopener\">www.hecker-gabelstapler.de<\/a><\/p>\n<\/div>\n\n\n\n<div class=\"wp-block-column col_hmn is-layout-flow wp-block-column-is-layout-flow\">\n<div style=\"height:15px\" aria-hidden=\"true\" class=\"wp-block-spacer\"><\/div>\n\n\n\n<h3 class=\"wp-block-heading\">9. SKS Stapler-Kran-Service Meisterbetrieb Goldemann<\/h3>\n\n\n\n<hr class=\"wp-block-separator has-text-color has-alpha-channel-opacity has-background is-style-wide\" style=\"background-color:#ffd500;color:#ffd500\"\/>\n\n\n\n<div style=\"height:15px\" aria-hidden=\"true\" class=\"wp-block-spacer\"><\/div>\n\n\n\n<p>Fuggerstra\u00dfe 1<br>86695 Nordendorf<br>Phone: 0 82 73 \/ 9 94 09 00<br><a href=\"mailto:sks@goldemann.de\" target=\"_blank\" rel=\"noreferrer noopener\">sks@goldemann.de<\/a><br><a href=\"http:\/\/www.sks-goldemann.de\/\" target=\"_blank\" rel=\"noreferrer noopener\">www.sks-goldemann.de<\/a><\/p>\n<\/div>\n<\/div>\n\n\n\n<div style=\"height:100px\" aria-hidden=\"true\" class=\"wp-block-spacer\"><\/div>\n","protected":false},"excerpt":{"rendered":"<p>Your ARTISON dealers in Germany ARTISON Service partners Close to you \u2013 local contact partner ARTISON Germany offers you a comprehensive system with regional expertise in support and consulting, also &#8230;<\/p>\n","protected":false},"author":1,"featured_media":11119,"parent":0,"menu_order":0,"comment_status":"closed","ping_status":"closed","template":"","meta":{"_coblocks_attr":"","_coblocks_dimensions":"","_coblocks_responsive_height":"","_coblocks_accordion_ie_support":"","pgc_sgb_lightbox_settings":"","footnotes":""},"class_list":["post-10926","page","type-page","status-publish","has-post-thumbnail","hentry"],"yoast_head":"<!-- This site is optimized with the Yoast SEO plugin v27.4 - https:\/\/yoast.com\/product\/yoast-seo-wordpress\/ -->\n<title>ARTISON CONTACT PERSON - W. K\u00f6rner GmbH<\/title>\n<meta name=\"robots\" content=\"index, follow, max-snippet:-1, max-image-preview:large, max-video-preview:-1\" \/>\n<link rel=\"canonical\" href=\"https:\/\/koernergabelstapler.de\/en\/?page_id=10926\" \/>\n<meta property=\"og:locale\" content=\"en_US\" \/>\n<meta property=\"og:type\" content=\"article\" \/>\n<meta property=\"og:title\" content=\"ARTISON CONTACT PERSON - W. K\u00f6rner GmbH\" \/>\n<meta property=\"og:description\" content=\"Your ARTISON dealers in Germany ARTISON Service partners Close to you \u2013 local contact partner ARTISON Germany offers you a comprehensive system with regional expertise in support and consulting, also ...\" \/>\n<meta property=\"og:url\" content=\"https:\/\/koernergabelstapler.de\/en\/?page_id=10926\" \/>\n<meta property=\"og:site_name\" content=\"W. K\u00f6rner GmbH\" \/>\n<meta property=\"article:modified_time\" content=\"2026-04-28T12:42:00+00:00\" \/>\n<meta property=\"og:image\" content=\"https:\/\/koernergabelstapler.de\/en\/wp-content\/uploads\/2026\/03\/slider-image-01.jpg\" \/>\n\t<meta property=\"og:image:width\" content=\"1200\" \/>\n\t<meta property=\"og:image:height\" content=\"675\" \/>\n\t<meta property=\"og:image:type\" content=\"image\/jpeg\" \/>\n<meta name=\"twitter:card\" content=\"summary_large_image\" \/>\n<meta name=\"twitter:label1\" content=\"Est. reading time\" \/>\n\t<meta name=\"twitter:data1\" content=\"2 minutes\" \/>\n<script type=\"application\/ld+json\" class=\"yoast-schema-graph\">{\"@context\":\"https:\\\/\\\/schema.org\",\"@graph\":[{\"@type\":\"WebPage\",\"@id\":\"https:\\\/\\\/koernergabelstapler.de\\\/en\\\/?page_id=10926\",\"url\":\"https:\\\/\\\/koernergabelstapler.de\\\/en\\\/?page_id=10926\",\"name\":\"ARTISON CONTACT PERSON - W. K\u00f6rner GmbH\",\"isPartOf\":{\"@id\":\"https:\\\/\\\/koernergabelstapler.de\\\/en\\\/#website\"},\"primaryImageOfPage\":{\"@id\":\"https:\\\/\\\/koernergabelstapler.de\\\/en\\\/?page_id=10926#primaryimage\"},\"image\":{\"@id\":\"https:\\\/\\\/koernergabelstapler.de\\\/en\\\/?page_id=10926#primaryimage\"},\"thumbnailUrl\":\"https:\\\/\\\/koernergabelstapler.de\\\/en\\\/wp-content\\\/uploads\\\/2026\\\/03\\\/slider-image-01.jpg\",\"datePublished\":\"2026-03-05T23:42:07+00:00\",\"dateModified\":\"2026-04-28T12:42:00+00:00\",\"breadcrumb\":{\"@id\":\"https:\\\/\\\/koernergabelstapler.de\\\/en\\\/?page_id=10926#breadcrumb\"},\"inLanguage\":\"en-US\",\"potentialAction\":[{\"@type\":\"ReadAction\",\"target\":[\"https:\\\/\\\/koernergabelstapler.de\\\/en\\\/?page_id=10926\"]}]},{\"@type\":\"ImageObject\",\"inLanguage\":\"en-US\",\"@id\":\"https:\\\/\\\/koernergabelstapler.de\\\/en\\\/?page_id=10926#primaryimage\",\"url\":\"https:\\\/\\\/koernergabelstapler.de\\\/en\\\/wp-content\\\/uploads\\\/2026\\\/03\\\/slider-image-01.jpg\",\"contentUrl\":\"https:\\\/\\\/koernergabelstapler.de\\\/en\\\/wp-content\\\/uploads\\\/2026\\\/03\\\/slider-image-01.jpg\",\"width\":1200,\"height\":675},{\"@type\":\"BreadcrumbList\",\"@id\":\"https:\\\/\\\/koernergabelstapler.de\\\/en\\\/?page_id=10926#breadcrumb\",\"itemListElement\":[{\"@type\":\"ListItem\",\"position\":1,\"name\":\"Home\",\"item\":\"https:\\\/\\\/koernergabelstapler.de\\\/en\\\/\"},{\"@type\":\"ListItem\",\"position\":2,\"name\":\"ARTISON CONTACT PERSON\"}]},{\"@type\":\"WebSite\",\"@id\":\"https:\\\/\\\/koernergabelstapler.de\\\/en\\\/#website\",\"url\":\"https:\\\/\\\/koernergabelstapler.de\\\/en\\\/\",\"name\":\"W. K\u00f6rner GmbH\",\"description\":\"Storage and transport systems\",\"publisher\":{\"@id\":\"https:\\\/\\\/koernergabelstapler.de\\\/en\\\/#organization\"},\"potentialAction\":[{\"@type\":\"SearchAction\",\"target\":{\"@type\":\"EntryPoint\",\"urlTemplate\":\"https:\\\/\\\/koernergabelstapler.de\\\/en\\\/?s={search_term_string}\"},\"query-input\":{\"@type\":\"PropertyValueSpecification\",\"valueRequired\":true,\"valueName\":\"search_term_string\"}}],\"inLanguage\":\"en-US\"},{\"@type\":\"Organization\",\"@id\":\"https:\\\/\\\/koernergabelstapler.de\\\/en\\\/#organization\",\"name\":\"Mustermann GmbH\",\"url\":\"https:\\\/\\\/koernergabelstapler.de\\\/en\\\/\",\"logo\":{\"@type\":\"ImageObject\",\"inLanguage\":\"en-US\",\"@id\":\"https:\\\/\\\/koernergabelstapler.de\\\/en\\\/#\\\/schema\\\/logo\\\/image\\\/\",\"url\":\"https:\\\/\\\/koernergabelstapler.de\\\/en\\\/wp-content\\\/uploads\\\/2026\\\/03\\\/201809_LOGO-Koerner-4c-HR_200px.png\",\"contentUrl\":\"https:\\\/\\\/koernergabelstapler.de\\\/en\\\/wp-content\\\/uploads\\\/2026\\\/03\\\/201809_LOGO-Koerner-4c-HR_200px.png\",\"width\":200,\"height\":134,\"caption\":\"Mustermann GmbH\"},\"image\":{\"@id\":\"https:\\\/\\\/koernergabelstapler.de\\\/en\\\/#\\\/schema\\\/logo\\\/image\\\/\"}}]}<\/script>\n<!-- \/ Yoast SEO plugin. -->","yoast_head_json":{"title":"ARTISON CONTACT PERSON - W. K\u00f6rner GmbH","robots":{"index":"index","follow":"follow","max-snippet":"max-snippet:-1","max-image-preview":"max-image-preview:large","max-video-preview":"max-video-preview:-1"},"canonical":"https:\/\/koernergabelstapler.de\/en\/?page_id=10926","og_locale":"en_US","og_type":"article","og_title":"ARTISON CONTACT PERSON - W. K\u00f6rner GmbH","og_description":"Your ARTISON dealers in Germany ARTISON Service partners Close to you \u2013 local contact partner ARTISON Germany offers you a comprehensive system with regional expertise in support and consulting, also ...","og_url":"https:\/\/koernergabelstapler.de\/en\/?page_id=10926","og_site_name":"W. K\u00f6rner GmbH","article_modified_time":"2026-04-28T12:42:00+00:00","og_image":[{"width":1200,"height":675,"url":"https:\/\/koernergabelstapler.de\/en\/wp-content\/uploads\/2026\/03\/slider-image-01.jpg","type":"image\/jpeg"}],"twitter_card":"summary_large_image","twitter_misc":{"Est. reading time":"2 minutes"},"schema":{"@context":"https:\/\/schema.org","@graph":[{"@type":"WebPage","@id":"https:\/\/koernergabelstapler.de\/en\/?page_id=10926","url":"https:\/\/koernergabelstapler.de\/en\/?page_id=10926","name":"ARTISON CONTACT PERSON - W. K\u00f6rner GmbH","isPartOf":{"@id":"https:\/\/koernergabelstapler.de\/en\/#website"},"primaryImageOfPage":{"@id":"https:\/\/koernergabelstapler.de\/en\/?page_id=10926#primaryimage"},"image":{"@id":"https:\/\/koernergabelstapler.de\/en\/?page_id=10926#primaryimage"},"thumbnailUrl":"https:\/\/koernergabelstapler.de\/en\/wp-content\/uploads\/2026\/03\/slider-image-01.jpg","datePublished":"2026-03-05T23:42:07+00:00","dateModified":"2026-04-28T12:42:00+00:00","breadcrumb":{"@id":"https:\/\/koernergabelstapler.de\/en\/?page_id=10926#breadcrumb"},"inLanguage":"en-US","potentialAction":[{"@type":"ReadAction","target":["https:\/\/koernergabelstapler.de\/en\/?page_id=10926"]}]},{"@type":"ImageObject","inLanguage":"en-US","@id":"https:\/\/koernergabelstapler.de\/en\/?page_id=10926#primaryimage","url":"https:\/\/koernergabelstapler.de\/en\/wp-content\/uploads\/2026\/03\/slider-image-01.jpg","contentUrl":"https:\/\/koernergabelstapler.de\/en\/wp-content\/uploads\/2026\/03\/slider-image-01.jpg","width":1200,"height":675},{"@type":"BreadcrumbList","@id":"https:\/\/koernergabelstapler.de\/en\/?page_id=10926#breadcrumb","itemListElement":[{"@type":"ListItem","position":1,"name":"Home","item":"https:\/\/koernergabelstapler.de\/en\/"},{"@type":"ListItem","position":2,"name":"ARTISON CONTACT PERSON"}]},{"@type":"WebSite","@id":"https:\/\/koernergabelstapler.de\/en\/#website","url":"https:\/\/koernergabelstapler.de\/en\/","name":"W. K\u00f6rner GmbH","description":"Storage and transport systems","publisher":{"@id":"https:\/\/koernergabelstapler.de\/en\/#organization"},"potentialAction":[{"@type":"SearchAction","target":{"@type":"EntryPoint","urlTemplate":"https:\/\/koernergabelstapler.de\/en\/?s={search_term_string}"},"query-input":{"@type":"PropertyValueSpecification","valueRequired":true,"valueName":"search_term_string"}}],"inLanguage":"en-US"},{"@type":"Organization","@id":"https:\/\/koernergabelstapler.de\/en\/#organization","name":"Mustermann GmbH","url":"https:\/\/koernergabelstapler.de\/en\/","logo":{"@type":"ImageObject","inLanguage":"en-US","@id":"https:\/\/koernergabelstapler.de\/en\/#\/schema\/logo\/image\/","url":"https:\/\/koernergabelstapler.de\/en\/wp-content\/uploads\/2026\/03\/201809_LOGO-Koerner-4c-HR_200px.png","contentUrl":"https:\/\/koernergabelstapler.de\/en\/wp-content\/uploads\/2026\/03\/201809_LOGO-Koerner-4c-HR_200px.png","width":200,"height":134,"caption":"Mustermann GmbH"},"image":{"@id":"https:\/\/koernergabelstapler.de\/en\/#\/schema\/logo\/image\/"}}]}},"_links":{"self":[{"href":"https:\/\/koernergabelstapler.de\/en\/index.php?rest_route=\/wp\/v2\/pages\/10926","targetHints":{"allow":["GET"]}}],"collection":[{"href":"https:\/\/koernergabelstapler.de\/en\/index.php?rest_route=\/wp\/v2\/pages"}],"about":[{"href":"https:\/\/koernergabelstapler.de\/en\/index.php?rest_route=\/wp\/v2\/types\/page"}],"author":[{"embeddable":true,"href":"https:\/\/koernergabelstapler.de\/en\/index.php?rest_route=\/wp\/v2\/users\/1"}],"replies":[{"embeddable":true,"href":"https:\/\/koernergabelstapler.de\/en\/index.php?rest_route=%2Fwp%2Fv2%2Fcomments&post=10926"}],"version-history":[{"count":36,"href":"https:\/\/koernergabelstapler.de\/en\/index.php?rest_route=\/wp\/v2\/pages\/10926\/revisions"}],"predecessor-version":[{"id":13057,"href":"https:\/\/koernergabelstapler.de\/en\/index.php?rest_route=\/wp\/v2\/pages\/10926\/revisions\/13057"}],"wp:featuredmedia":[{"embeddable":true,"href":"https:\/\/koernergabelstapler.de\/en\/index.php?rest_route=\/wp\/v2\/media\/11119"}],"wp:attachment":[{"href":"https:\/\/koernergabelstapler.de\/en\/index.php?rest_route=%2Fwp%2Fv2%2Fmedia&parent=10926"}],"curies":[{"name":"wp","href":"https:\/\/api.w.org\/{rel}","templated":true}]}}