{"id":10938,"date":"2026-03-06T00:50:46","date_gmt":"2026-03-05T23:50:46","guid":{"rendered":"https:\/\/seobest.de\/demo02032655\/?page_id=10938"},"modified":"2026-04-28T14:46:01","modified_gmt":"2026-04-28T12:46:01","slug":"service","status":"publish","type":"page","link":"https:\/\/koernergabelstapler.de\/en\/?page_id=10938","title":{"rendered":"SERVICE"},"content":{"rendered":"\n<h2 class=\"wp-block-heading has-text-align-center fwd_class o-typing-fast has-black-color has-text-color has-background has-link-color wp-elements-1a8e5a09d49caeff62d6c481d7f09eab\" style=\"background-color:#fed03d;font-size:2.5rem\"><o-anim-typing>Comprehensive service<\/o-anim-typing><\/h2>\n\n\n\n<div style=\"height:100px\" aria-hidden=\"true\" class=\"wp-block-spacer\"><\/div>\n\n\n\n<div class=\"wp-block-columns animated fadeInLeft is-layout-flex wp-container-core-columns-is-layout-9d6595d7 wp-block-columns-is-layout-flex\">\n<div class=\"wp-block-column is-layout-flow wp-block-column-is-layout-flow\"><div class=\"wp-block-image img-a\">\n<figure class=\"aligncenter size-full\"><img loading=\"lazy\" decoding=\"async\" width=\"1980\" height=\"1320\" src=\"https:\/\/koernergabelstapler.de\/en\/wp-content\/uploads\/2026\/03\/bearbeitet_iStock-104314618.png\" alt=\"\" class=\"wp-image-12233\" srcset=\"https:\/\/koernergabelstapler.de\/en\/wp-content\/uploads\/2026\/03\/bearbeitet_iStock-104314618.png 1980w, https:\/\/koernergabelstapler.de\/en\/wp-content\/uploads\/2026\/03\/bearbeitet_iStock-104314618-300x200.png 300w, https:\/\/koernergabelstapler.de\/en\/wp-content\/uploads\/2026\/03\/bearbeitet_iStock-104314618-1024x683.png 1024w, https:\/\/koernergabelstapler.de\/en\/wp-content\/uploads\/2026\/03\/bearbeitet_iStock-104314618-768x512.png 768w, https:\/\/koernergabelstapler.de\/en\/wp-content\/uploads\/2026\/03\/bearbeitet_iStock-104314618-1536x1024.png 1536w\" sizes=\"auto, (max-width: 1980px) 100vw, 1980px\" \/><\/figure>\n<\/div><\/div>\n\n\n\n<div class=\"wp-block-column is-layout-flow wp-block-column-is-layout-flow\">\n<h2 class=\"wp-block-heading o-typing-delay-100ms has-x-large-font-size\">From K\u00f6rner Gabelstapler near Braunschweig<\/h2>\n\n\n\n<hr class=\"wp-block-separator has-text-color has-alpha-channel-opacity has-background is-style-wide\" style=\"background-color:#fed03d;color:#fed03d\"\/>\n\n\n\n<p style=\"font-size:16px\">We are your competent service provider and are available for you seven days a week 24 hours a day. Our many years of experience are reflected in our interaction with customers and in the professional consulting provided by our trained staff.<\/p>\n\n\n\n<p style=\"font-size:16px\">K\u00f6rner Gabelstapler from Gro\u00df Schw\u00fclper is your contact partner for the maintenance and repair of many brands as well as all other maintenance required systems and equipment.<\/p>\n<\/div>\n<\/div>\n\n\n\n<div style=\"height:100px\" aria-hidden=\"true\" class=\"wp-block-spacer\"><\/div>\n\n\n\n<h2 class=\"wp-block-heading has-text-align-center fwd_class o-typing-fast has-white-color has-text-color has-background has-link-color has-large-font-size wp-elements-77770616bccaa444d7a9cb17ad2b3e96\" style=\"background:linear-gradient(135deg,rgb(254,208,61) 0%,rgb(51,51,51) 100%)\">Forklift operator license training<\/h2>\n\n\n\n<div style=\"height:100px\" aria-hidden=\"true\" class=\"wp-block-spacer\"><\/div>\n\n\n\n<div class=\"wp-block-columns animated fadeInLeft is-layout-flex wp-container-core-columns-is-layout-9d6595d7 wp-block-columns-is-layout-flex\">\n<div class=\"wp-block-column is-vertically-aligned-center is-layout-flow wp-block-column-is-layout-flow\">\n<p style=\"font-size:16px\">The one day course starts at around 8:30 am, is based on practical requirements and serves for safety related training and further education. It is aimed at persons over 18 years of age who already have experience in handling forklifts.<\/p>\n\n\n\n<p style=\"font-size:16px\">To participate and to issue the license, a photo and an identity card must be presented. In addition, foreign participants must have sufficient knowledge of the German language.<\/p>\n\n\n\n<hr class=\"wp-block-separator has-text-color has-alpha-channel-opacity has-background is-style-wide\" style=\"background-color:#fed03d;color:#fed03d\"\/>\n\n\n\n<p style=\"font-size:16px\"><\/p>\n<\/div>\n\n\n\n<div class=\"wp-block-column is-layout-flow wp-block-column-is-layout-flow\"><div class=\"wp-block-image img-a\">\n<figure class=\"aligncenter size-full\"><img loading=\"lazy\" decoding=\"async\" width=\"600\" height=\"400\" src=\"https:\/\/koernergabelstapler.de\/en\/wp-content\/uploads\/2026\/03\/iStock-636644146-600x400-1.jpg\" alt=\"\" class=\"wp-image-12244\" srcset=\"https:\/\/koernergabelstapler.de\/en\/wp-content\/uploads\/2026\/03\/iStock-636644146-600x400-1.jpg 600w, https:\/\/koernergabelstapler.de\/en\/wp-content\/uploads\/2026\/03\/iStock-636644146-600x400-1-300x200.jpg 300w\" sizes=\"auto, (max-width: 600px) 100vw, 600px\" \/><\/figure>\n<\/div><\/div>\n<\/div>\n\n\n\n<div style=\"height:100px\" aria-hidden=\"true\" class=\"wp-block-spacer\"><\/div>\n\n\n\n<p class=\"fwd_line\"><\/p>\n\n\n\n<div style=\"height:100px\" aria-hidden=\"true\" class=\"wp-block-spacer\"><\/div>\n\n\n\n<h2 class=\"wp-block-heading has-text-align-center has-x-large-font-size\">Unsere Preise<\/h2>\n\n\n\n<hr class=\"wp-block-separator has-text-color has-alpha-channel-opacity has-background\" style=\"background-color:#ffd500;color:#ffd500\"\/>\n\n\n\n<div style=\"height:50px\" aria-hidden=\"true\" class=\"wp-block-spacer\"><\/div>\n\n\n\n<div class=\"wp-block-group fwd_class\"><div class=\"wp-block-group__inner-container is-layout-constrained wp-block-group-is-layout-constrained\">\n<div class=\"wp-block-columns hmn_con is-layout-flex wp-container-core-columns-is-layout-9d6595d7 wp-block-columns-is-layout-flex\">\n<div class=\"wp-block-column icon-a1 is-layout-flow wp-block-column-is-layout-flow\" style=\"flex-basis:100%\">\n<div style=\"height:20px\" aria-hidden=\"true\" class=\"wp-block-spacer\"><\/div>\n\n\n\n<p class=\"has-text-align-center has-text-color has-link-color wp-elements-2763a31f10a5ba9ddf6b16eecbcc9fa0\" style=\"color:#333333;font-size:50px\">170\u20ac<\/p>\n\n\n\n<p class=\"has-text-align-center has-text-color has-link-color wp-elements-a69d3fdca13a8b7473c53634b806ec04\" style=\"color:#333333;font-size:17px\">Per <br>Person<\/p>\n\n\n\n<hr class=\"wp-block-separator has-text-color has-black-color has-alpha-channel-opacity has-black-background-color has-background\"\/>\n\n\n\n<div style=\"height:20px\" aria-hidden=\"true\" class=\"wp-block-spacer\"><\/div>\n\n\n\n<div class=\"wp-block-buttons is-content-justification-center is-layout-flex wp-container-core-buttons-is-layout-16018d1d wp-block-buttons-is-layout-flex\">\n<div class=\"wp-block-button\"><a class=\"wp-block-button__link has-white-color has-text-color has-background has-link-color wp-element-button\" href=\"https:\/\/koernergabelstapler.de\/en\/contact\/\" style=\"background:linear-gradient(135deg,rgb(255,193,7) 0%,rgb(51,51,51) 86%)\">Contact<\/a><\/div>\n<\/div>\n<\/div>\n\n\n\n<div class=\"wp-block-column icon-a1 is-layout-flow wp-block-column-is-layout-flow\" style=\"flex-basis:100%\">\n<div style=\"height:20px\" aria-hidden=\"true\" class=\"wp-block-spacer\"><\/div>\n\n\n\n<p class=\"has-text-align-center has-text-color has-link-color wp-elements-6339f9c25dcac91bd18630cda84a9f6e\" style=\"color:#333333;font-size:50px\">136\u20ac<\/p>\n\n\n\n<p class=\"has-text-align-center has-text-color has-link-color wp-elements-001b4066ba4e117bc09e69111edeb14d\" style=\"color:#333333;font-size:17px\">From 5 participants from one company<\/p>\n\n\n\n<hr class=\"wp-block-separator has-text-color has-black-color has-alpha-channel-opacity has-black-background-color has-background\"\/>\n\n\n\n<div style=\"height:20px\" aria-hidden=\"true\" class=\"wp-block-spacer\"><\/div>\n\n\n\n<div class=\"wp-block-buttons is-content-justification-center is-layout-flex wp-container-core-buttons-is-layout-16018d1d wp-block-buttons-is-layout-flex\">\n<div class=\"wp-block-button\"><a class=\"wp-block-button__link has-white-color has-text-color has-background has-link-color wp-element-button\" href=\"https:\/\/koernergabelstapler.de\/en\/contact\/\" style=\"background:linear-gradient(135deg,rgb(255,193,7) 0%,rgb(51,51,51) 86%)\">Contact<\/a><\/div>\n<\/div>\n<\/div>\n\n\n\n<div class=\"wp-block-column icon-a1 is-layout-flow wp-block-column-is-layout-flow\" style=\"flex-basis:100%\">\n<div style=\"height:20px\" aria-hidden=\"true\" class=\"wp-block-spacer\"><\/div>\n\n\n\n<p class=\"has-text-align-center has-text-color has-link-color wp-elements-ec0b1c500fff72346537941bbda6b4c7\" style=\"color:#333333;font-size:50px\">110\u20ac<\/p>\n\n\n\n<p class=\"has-text-align-center has-text-color has-link-color wp-elements-2a9f2a9f10a26de3379ea8fed83f7ffd\" style=\"color:#333333;font-size:17px\">From 10 participants from one company<\/p>\n\n\n\n<hr class=\"wp-block-separator has-text-color has-black-color has-alpha-channel-opacity has-black-background-color has-background\"\/>\n\n\n\n<div style=\"height:20px\" aria-hidden=\"true\" class=\"wp-block-spacer\"><\/div>\n\n\n\n<div class=\"wp-block-buttons is-content-justification-center is-layout-flex wp-container-core-buttons-is-layout-16018d1d wp-block-buttons-is-layout-flex\">\n<div class=\"wp-block-button\"><a class=\"wp-block-button__link has-white-color has-text-color has-background has-link-color wp-element-button\" href=\"https:\/\/koernergabelstapler.de\/en\/contact\/\" style=\"background:linear-gradient(135deg,rgb(255,193,7) 0%,rgb(51,51,51) 86%)\">Contact<\/a><\/div>\n<\/div>\n<\/div>\n\n\n\n<div class=\"wp-block-column icon-a1 is-layout-flow wp-block-column-is-layout-flow\" style=\"flex-basis:100%\">\n<div style=\"height:20px\" aria-hidden=\"true\" class=\"wp-block-spacer\"><\/div>\n\n\n\n<p class=\"has-text-align-center has-text-color has-link-color wp-elements-f1fd62f627611200b4c2fadea32aa34c\" style=\"color:#333333;font-size:50px\">90\u20ac<\/p>\n\n\n\n<p class=\"has-text-align-center has-text-color has-link-color wp-elements-1acaaecb190c3b5ad388a9c525171900\" style=\"color:#333333;font-size:17px\">From 15 participants from one company<\/p>\n\n\n\n<hr class=\"wp-block-separator has-text-color has-black-color has-alpha-channel-opacity has-black-background-color has-background\"\/>\n\n\n\n<div style=\"height:20px\" aria-hidden=\"true\" class=\"wp-block-spacer\"><\/div>\n\n\n\n<div class=\"wp-block-buttons is-content-justification-center is-layout-flex wp-container-core-buttons-is-layout-16018d1d wp-block-buttons-is-layout-flex\">\n<div class=\"wp-block-button\"><a class=\"wp-block-button__link has-white-color has-text-color has-background has-link-color wp-element-button\" href=\"https:\/\/koernergabelstapler.de\/en\/contact\/\" style=\"background:linear-gradient(135deg,rgb(255,193,7) 0%,rgb(51,51,51) 86%)\">Contact<\/a><\/div>\n<\/div>\n<\/div>\n\n\n\n<div class=\"wp-block-column icon-a1 is-layout-flow wp-block-column-is-layout-flow\" style=\"flex-basis:100%\">\n<div style=\"height:20px\" aria-hidden=\"true\" class=\"wp-block-spacer\"><\/div>\n\n\n\n<p class=\"has-text-align-center has-text-color has-link-color wp-elements-ed3c0bcd7a9dbadfe33492662374677e\" style=\"color:#333333;font-size:50px\">9,50\u20ac<\/p>\n\n\n\n<p class=\"has-text-align-center has-text-color has-link-color wp-elements-19025e840a35e632bbc05e65fce0e395\" style=\"color:#333333;font-size:17px\">Driving license VDI3313<\/p>\n\n\n\n<hr class=\"wp-block-separator has-text-color has-black-color has-alpha-channel-opacity has-black-background-color has-background\"\/>\n\n\n\n<div style=\"height:20px\" aria-hidden=\"true\" class=\"wp-block-spacer\"><\/div>\n\n\n\n<div class=\"wp-block-buttons is-content-justification-center is-layout-flex wp-container-core-buttons-is-layout-16018d1d wp-block-buttons-is-layout-flex\">\n<div class=\"wp-block-button\"><a class=\"wp-block-button__link has-white-color has-text-color has-background has-link-color wp-element-button\" href=\"https:\/\/koernergabelstapler.de\/en\/contact\/\" style=\"background:linear-gradient(135deg,rgb(255,193,7) 0%,rgb(51,51,51) 86%)\">Contact<\/a><\/div>\n<\/div>\n<\/div>\n<\/div>\n<\/div><\/div>\n\n\n\n<div style=\"height:100px\" aria-hidden=\"true\" class=\"wp-block-spacer\"><\/div>\n\n\n\n<p class=\"has-text-align-center\" style=\"font-size:16px\">All prices are exclusive of statutory VAT.<br>If you are interested or have any questions, please contact K\u00f6rner Gabelstapler. Call us or use our contact form!<\/p>\n\n\n\n<div style=\"height:100px\" aria-hidden=\"true\" class=\"wp-block-spacer\"><\/div>\n","protected":false},"excerpt":{"rendered":"<p>Comprehensive service From K\u00f6rner Gabelstapler near Braunschweig We are your competent service provider and are available for you seven days a week 24 hours a day. Our many years of &#8230;<\/p>\n","protected":false},"author":1,"featured_media":11119,"parent":0,"menu_order":0,"comment_status":"closed","ping_status":"closed","template":"","meta":{"_coblocks_attr":"","_coblocks_dimensions":"","_coblocks_responsive_height":"","_coblocks_accordion_ie_support":"","pgc_sgb_lightbox_settings":"","footnotes":""},"class_list":["post-10938","page","type-page","status-publish","has-post-thumbnail","hentry"],"yoast_head":"<!-- This site is optimized with the Yoast SEO plugin v27.4 - https:\/\/yoast.com\/product\/yoast-seo-wordpress\/ -->\n<title>SERVICE - W. K\u00f6rner GmbH<\/title>\n<meta name=\"robots\" content=\"index, follow, max-snippet:-1, max-image-preview:large, max-video-preview:-1\" \/>\n<link rel=\"canonical\" href=\"https:\/\/koernergabelstapler.de\/en\/?page_id=10938\" \/>\n<meta property=\"og:locale\" content=\"en_US\" \/>\n<meta property=\"og:type\" content=\"article\" \/>\n<meta property=\"og:title\" content=\"SERVICE - W. K\u00f6rner GmbH\" \/>\n<meta property=\"og:description\" content=\"Comprehensive service From K\u00f6rner Gabelstapler near Braunschweig We are your competent service provider and are available for you seven days a week 24 hours a day. Our many years of ...\" \/>\n<meta property=\"og:url\" content=\"https:\/\/koernergabelstapler.de\/en\/?page_id=10938\" \/>\n<meta property=\"og:site_name\" content=\"W. K\u00f6rner GmbH\" \/>\n<meta property=\"article:modified_time\" content=\"2026-04-28T12:46:01+00:00\" \/>\n<meta property=\"og:image\" content=\"https:\/\/koernergabelstapler.de\/en\/wp-content\/uploads\/2026\/03\/slider-image-01.jpg\" \/>\n\t<meta property=\"og:image:width\" content=\"1200\" \/>\n\t<meta property=\"og:image:height\" content=\"675\" \/>\n\t<meta property=\"og:image:type\" content=\"image\/jpeg\" \/>\n<meta name=\"twitter:card\" content=\"summary_large_image\" \/>\n<meta name=\"twitter:label1\" content=\"Est. reading time\" \/>\n\t<meta name=\"twitter:data1\" content=\"2 minutes\" \/>\n<script type=\"application\/ld+json\" class=\"yoast-schema-graph\">{\"@context\":\"https:\\\/\\\/schema.org\",\"@graph\":[{\"@type\":\"WebPage\",\"@id\":\"https:\\\/\\\/koernergabelstapler.de\\\/en\\\/?page_id=10938\",\"url\":\"https:\\\/\\\/koernergabelstapler.de\\\/en\\\/?page_id=10938\",\"name\":\"SERVICE - W. K\u00f6rner GmbH\",\"isPartOf\":{\"@id\":\"https:\\\/\\\/koernergabelstapler.de\\\/en\\\/#website\"},\"primaryImageOfPage\":{\"@id\":\"https:\\\/\\\/koernergabelstapler.de\\\/en\\\/?page_id=10938#primaryimage\"},\"image\":{\"@id\":\"https:\\\/\\\/koernergabelstapler.de\\\/en\\\/?page_id=10938#primaryimage\"},\"thumbnailUrl\":\"https:\\\/\\\/koernergabelstapler.de\\\/en\\\/wp-content\\\/uploads\\\/2026\\\/03\\\/slider-image-01.jpg\",\"datePublished\":\"2026-03-05T23:50:46+00:00\",\"dateModified\":\"2026-04-28T12:46:01+00:00\",\"breadcrumb\":{\"@id\":\"https:\\\/\\\/koernergabelstapler.de\\\/en\\\/?page_id=10938#breadcrumb\"},\"inLanguage\":\"en-US\",\"potentialAction\":[{\"@type\":\"ReadAction\",\"target\":[\"https:\\\/\\\/koernergabelstapler.de\\\/en\\\/?page_id=10938\"]}]},{\"@type\":\"ImageObject\",\"inLanguage\":\"en-US\",\"@id\":\"https:\\\/\\\/koernergabelstapler.de\\\/en\\\/?page_id=10938#primaryimage\",\"url\":\"https:\\\/\\\/koernergabelstapler.de\\\/en\\\/wp-content\\\/uploads\\\/2026\\\/03\\\/slider-image-01.jpg\",\"contentUrl\":\"https:\\\/\\\/koernergabelstapler.de\\\/en\\\/wp-content\\\/uploads\\\/2026\\\/03\\\/slider-image-01.jpg\",\"width\":1200,\"height\":675},{\"@type\":\"BreadcrumbList\",\"@id\":\"https:\\\/\\\/koernergabelstapler.de\\\/en\\\/?page_id=10938#breadcrumb\",\"itemListElement\":[{\"@type\":\"ListItem\",\"position\":1,\"name\":\"Home\",\"item\":\"https:\\\/\\\/koernergabelstapler.de\\\/en\\\/\"},{\"@type\":\"ListItem\",\"position\":2,\"name\":\"SERVICE\"}]},{\"@type\":\"WebSite\",\"@id\":\"https:\\\/\\\/koernergabelstapler.de\\\/en\\\/#website\",\"url\":\"https:\\\/\\\/koernergabelstapler.de\\\/en\\\/\",\"name\":\"W. K\u00f6rner GmbH\",\"description\":\"Storage and transport systems\",\"publisher\":{\"@id\":\"https:\\\/\\\/koernergabelstapler.de\\\/en\\\/#organization\"},\"potentialAction\":[{\"@type\":\"SearchAction\",\"target\":{\"@type\":\"EntryPoint\",\"urlTemplate\":\"https:\\\/\\\/koernergabelstapler.de\\\/en\\\/?s={search_term_string}\"},\"query-input\":{\"@type\":\"PropertyValueSpecification\",\"valueRequired\":true,\"valueName\":\"search_term_string\"}}],\"inLanguage\":\"en-US\"},{\"@type\":\"Organization\",\"@id\":\"https:\\\/\\\/koernergabelstapler.de\\\/en\\\/#organization\",\"name\":\"Mustermann GmbH\",\"url\":\"https:\\\/\\\/koernergabelstapler.de\\\/en\\\/\",\"logo\":{\"@type\":\"ImageObject\",\"inLanguage\":\"en-US\",\"@id\":\"https:\\\/\\\/koernergabelstapler.de\\\/en\\\/#\\\/schema\\\/logo\\\/image\\\/\",\"url\":\"https:\\\/\\\/koernergabelstapler.de\\\/en\\\/wp-content\\\/uploads\\\/2026\\\/03\\\/201809_LOGO-Koerner-4c-HR_200px.png\",\"contentUrl\":\"https:\\\/\\\/koernergabelstapler.de\\\/en\\\/wp-content\\\/uploads\\\/2026\\\/03\\\/201809_LOGO-Koerner-4c-HR_200px.png\",\"width\":200,\"height\":134,\"caption\":\"Mustermann GmbH\"},\"image\":{\"@id\":\"https:\\\/\\\/koernergabelstapler.de\\\/en\\\/#\\\/schema\\\/logo\\\/image\\\/\"}}]}<\/script>\n<!-- \/ Yoast SEO plugin. -->","yoast_head_json":{"title":"SERVICE - W. K\u00f6rner GmbH","robots":{"index":"index","follow":"follow","max-snippet":"max-snippet:-1","max-image-preview":"max-image-preview:large","max-video-preview":"max-video-preview:-1"},"canonical":"https:\/\/koernergabelstapler.de\/en\/?page_id=10938","og_locale":"en_US","og_type":"article","og_title":"SERVICE - W. K\u00f6rner GmbH","og_description":"Comprehensive service From K\u00f6rner Gabelstapler near Braunschweig We are your competent service provider and are available for you seven days a week 24 hours a day. Our many years of ...","og_url":"https:\/\/koernergabelstapler.de\/en\/?page_id=10938","og_site_name":"W. K\u00f6rner GmbH","article_modified_time":"2026-04-28T12:46:01+00:00","og_image":[{"width":1200,"height":675,"url":"https:\/\/koernergabelstapler.de\/en\/wp-content\/uploads\/2026\/03\/slider-image-01.jpg","type":"image\/jpeg"}],"twitter_card":"summary_large_image","twitter_misc":{"Est. reading time":"2 minutes"},"schema":{"@context":"https:\/\/schema.org","@graph":[{"@type":"WebPage","@id":"https:\/\/koernergabelstapler.de\/en\/?page_id=10938","url":"https:\/\/koernergabelstapler.de\/en\/?page_id=10938","name":"SERVICE - W. K\u00f6rner GmbH","isPartOf":{"@id":"https:\/\/koernergabelstapler.de\/en\/#website"},"primaryImageOfPage":{"@id":"https:\/\/koernergabelstapler.de\/en\/?page_id=10938#primaryimage"},"image":{"@id":"https:\/\/koernergabelstapler.de\/en\/?page_id=10938#primaryimage"},"thumbnailUrl":"https:\/\/koernergabelstapler.de\/en\/wp-content\/uploads\/2026\/03\/slider-image-01.jpg","datePublished":"2026-03-05T23:50:46+00:00","dateModified":"2026-04-28T12:46:01+00:00","breadcrumb":{"@id":"https:\/\/koernergabelstapler.de\/en\/?page_id=10938#breadcrumb"},"inLanguage":"en-US","potentialAction":[{"@type":"ReadAction","target":["https:\/\/koernergabelstapler.de\/en\/?page_id=10938"]}]},{"@type":"ImageObject","inLanguage":"en-US","@id":"https:\/\/koernergabelstapler.de\/en\/?page_id=10938#primaryimage","url":"https:\/\/koernergabelstapler.de\/en\/wp-content\/uploads\/2026\/03\/slider-image-01.jpg","contentUrl":"https:\/\/koernergabelstapler.de\/en\/wp-content\/uploads\/2026\/03\/slider-image-01.jpg","width":1200,"height":675},{"@type":"BreadcrumbList","@id":"https:\/\/koernergabelstapler.de\/en\/?page_id=10938#breadcrumb","itemListElement":[{"@type":"ListItem","position":1,"name":"Home","item":"https:\/\/koernergabelstapler.de\/en\/"},{"@type":"ListItem","position":2,"name":"SERVICE"}]},{"@type":"WebSite","@id":"https:\/\/koernergabelstapler.de\/en\/#website","url":"https:\/\/koernergabelstapler.de\/en\/","name":"W. K\u00f6rner GmbH","description":"Storage and transport systems","publisher":{"@id":"https:\/\/koernergabelstapler.de\/en\/#organization"},"potentialAction":[{"@type":"SearchAction","target":{"@type":"EntryPoint","urlTemplate":"https:\/\/koernergabelstapler.de\/en\/?s={search_term_string}"},"query-input":{"@type":"PropertyValueSpecification","valueRequired":true,"valueName":"search_term_string"}}],"inLanguage":"en-US"},{"@type":"Organization","@id":"https:\/\/koernergabelstapler.de\/en\/#organization","name":"Mustermann GmbH","url":"https:\/\/koernergabelstapler.de\/en\/","logo":{"@type":"ImageObject","inLanguage":"en-US","@id":"https:\/\/koernergabelstapler.de\/en\/#\/schema\/logo\/image\/","url":"https:\/\/koernergabelstapler.de\/en\/wp-content\/uploads\/2026\/03\/201809_LOGO-Koerner-4c-HR_200px.png","contentUrl":"https:\/\/koernergabelstapler.de\/en\/wp-content\/uploads\/2026\/03\/201809_LOGO-Koerner-4c-HR_200px.png","width":200,"height":134,"caption":"Mustermann GmbH"},"image":{"@id":"https:\/\/koernergabelstapler.de\/en\/#\/schema\/logo\/image\/"}}]}},"_links":{"self":[{"href":"https:\/\/koernergabelstapler.de\/en\/index.php?rest_route=\/wp\/v2\/pages\/10938","targetHints":{"allow":["GET"]}}],"collection":[{"href":"https:\/\/koernergabelstapler.de\/en\/index.php?rest_route=\/wp\/v2\/pages"}],"about":[{"href":"https:\/\/koernergabelstapler.de\/en\/index.php?rest_route=\/wp\/v2\/types\/page"}],"author":[{"embeddable":true,"href":"https:\/\/koernergabelstapler.de\/en\/index.php?rest_route=\/wp\/v2\/users\/1"}],"replies":[{"embeddable":true,"href":"https:\/\/koernergabelstapler.de\/en\/index.php?rest_route=%2Fwp%2Fv2%2Fcomments&post=10938"}],"version-history":[{"count":51,"href":"https:\/\/koernergabelstapler.de\/en\/index.php?rest_route=\/wp\/v2\/pages\/10938\/revisions"}],"predecessor-version":[{"id":13072,"href":"https:\/\/koernergabelstapler.de\/en\/index.php?rest_route=\/wp\/v2\/pages\/10938\/revisions\/13072"}],"wp:featuredmedia":[{"embeddable":true,"href":"https:\/\/koernergabelstapler.de\/en\/index.php?rest_route=\/wp\/v2\/media\/11119"}],"wp:attachment":[{"href":"https:\/\/koernergabelstapler.de\/en\/index.php?rest_route=%2Fwp%2Fv2%2Fmedia&parent=10938"}],"curies":[{"name":"wp","href":"https:\/\/api.w.org\/{rel}","templated":true}]}}