{"id":5006,"date":"2021-07-22T13:42:56","date_gmt":"2021-07-22T11:42:56","guid":{"rendered":"https:\/\/seobest.de\/demo2\/?page_id=5006"},"modified":"2026-04-17T14:54:38","modified_gmt":"2026-04-17T12:54:38","slug":"contact","status":"publish","type":"page","link":"https:\/\/koernergabelstapler.de\/en\/?page_id=5006","title":{"rendered":"Contact"},"content":{"rendered":"\n<div style=\"height:100px\" aria-hidden=\"true\" class=\"wp-block-spacer\"><\/div>\n\n\n\n<div class=\"wp-block-columns is-layout-flex wp-container-core-columns-is-layout-9d6595d7 wp-block-columns-is-layout-flex\">\n<div class=\"wp-block-column is-layout-flow wp-block-column-is-layout-flow\">\n<div class=\"wp-block-columns is-layout-flex wp-container-core-columns-is-layout-9d6595d7 wp-block-columns-is-layout-flex\">\n<div class=\"wp-block-column animated fadeInUp clm_schw has-white-color has-text-color has-background has-link-color wp-elements-a3ffb2b0e6d760bbd8120100437ad200 is-layout-flow wp-block-column-is-layout-flow\" style=\"background-color:#fed03d\">\n<div style=\"height:60px\" aria-hidden=\"true\" class=\"wp-block-spacer\"><\/div>\n\n\n<div class=\"wp-block-coblocks-icon has-text-align-center is-style-outlined\">\n\t\t\t\t<div class=\"wp-block-coblocks-icon__inner has-text-color\" style=\"height: 60px; width: 60px; color: #333333; fill: #333333;\">\n\t\t\t\t\t<svg fill=\"none\" viewBox=\"0 0 20 20\" xmlns=\"http:\/\/www.w3.org\/2000\/svg\"><path d=\"m13.1578947 9.47368421v-6.31578947l-3.1578947-3.15789474-3.15789474 3.15789474v2.10526315h-6.31578947v14.73684211h18.94736841v-10.52631579zm-8.42105259 8.42105259h-2.10526316v-2.1052631h2.10526316zm0-4.2105263h-2.10526316v-2.1052631h2.10526316zm0-4.21052629h-2.10526316v-2.10526316h2.10526316zm6.31578949 8.42105259h-2.10526318v-2.1052631h2.10526318zm0-4.2105263h-2.10526318v-2.1052631h2.10526318zm0-4.21052629h-2.10526318v-2.10526316h2.10526318zm0-4.21052632h-2.10526318v-2.10526315h2.10526318zm6.3157895 12.63157891h-2.1052632v-2.1052631h2.1052632zm0-4.2105263h-2.1052632v-2.1052631h2.1052632z\" fill=\"currentColor\" \/><\/svg>\n\t\t\t\t<\/div>\n\t\t\t<\/div>\n\n\n<div style=\"height:30px\" aria-hidden=\"true\" class=\"wp-block-spacer\"><\/div>\n\n\n\n<p class=\"has-text-align-center has-text-color has-link-color wp-elements-6665989aa5254f47867de07bd2b2524c\" style=\"color:#333333;font-size:14px\"><strong>W. K\u00f6rner GmbH<\/strong><\/p>\n<\/div>\n\n\n\n<div class=\"wp-block-column animated fadeInUp clm_schw has-white-color has-text-color has-background has-link-color wp-elements-d28e549291978a7749a5e259e3028720 is-layout-flow wp-block-column-is-layout-flow\" style=\"background-color:#fed03d\">\n<div style=\"height:60px\" aria-hidden=\"true\" class=\"wp-block-spacer\"><\/div>\n\n\n<div class=\"wp-block-coblocks-icon has-text-align-center\">\n\t\t\t\t<div class=\"wp-block-coblocks-icon__inner has-text-color\" style=\"height: 60px; width: 60px; color: #333333; fill: #333333;\">\n\t\t\t\t\t<svg fill=\"none\" viewBox=\"0 0 20 20\" xmlns=\"http:\/\/www.w3.org\/2000\/svg\"><path d=\"m10 0c-3.921743 0-7.11427301 3.19253001-7.11427301 7.11427301 0 4.95331259 6.18941752 11.86305029 6.45620276 12.15651399l.65807025.729213.6580703-.729213c.2667852-.2934637 6.4562027-7.2032014 6.4562027-12.15651399 0-3.921743-3.19253-7.11427301-7.114273-7.11427301zm0 17.3143619c-1.9386394-2.3210315-5.33570476-7.0520231-5.33570476-10.20008889 0-2.94353046 2.3921743-5.33570476 5.33570476-5.33570476 2.9435305 0 5.3357048 2.3921743 5.3357048 5.33570476 0 3.40595819-3.7794576 8.32369939-5.3357048 10.20008889zm-1.36060471-8.27034234-1.56514007-1.5740329-1.26278345 1.26278346 2.82792352 2.82792348 5.34459761-5.34459756-1.2538906-1.26278346z\" fill=\"currentColor\" \/><\/svg>\n\t\t\t\t<\/div>\n\t\t\t<\/div>\n\n\n<div style=\"height:30px\" aria-hidden=\"true\" class=\"wp-block-spacer\"><\/div>\n\n\n\n<p class=\"has-text-align-center has-text-color has-link-color wp-elements-985fb499731a4b88c11b89531c56df9f\" style=\"color:#333333;font-size:14px\">B<strong>raunschweiger Stra\u00dfe 15<br>38179 Gro\u00df Schw\u00fclper<br>Germany<\/strong><\/p>\n<\/div>\n<\/div>\n<\/div>\n\n\n\n<div class=\"wp-block-column is-layout-flow wp-block-column-is-layout-flow\">\n<div class=\"wp-block-columns is-layout-flex wp-container-core-columns-is-layout-9d6595d7 wp-block-columns-is-layout-flex\">\n<div class=\"wp-block-column animated fadeInUp clm_schw has-white-color has-text-color has-background has-link-color wp-elements-d40879730e609795a29feda3a3d7fa50 is-layout-flow wp-block-column-is-layout-flow\" style=\"background-color:#fed03d\">\n<div style=\"height:60px\" aria-hidden=\"true\" class=\"wp-block-spacer\"><\/div>\n\n\n<div class=\"wp-block-coblocks-icon has-text-align-center\">\n\t\t\t\t<div class=\"wp-block-coblocks-icon__inner has-text-color\" style=\"height: 60px; width: 60px; color: #333333; fill: #333333;\">\n\t\t\t\t\t<svg fill=\"none\" xmlns=\"http:\/\/www.w3.org\/2000\/svg\" viewBox=\"0 0 24 24\"><path d=\"M9 13c2.21 0 4-1.79 4-4s-1.79-4-4-4-4 1.79-4 4 1.79 4 4 4zm0-6c1.1 0 2 .9 2 2s-.9 2-2 2-2-.9-2-2 .9-2 2-2zm0 8c-2.67 0-8 1.34-8 4v2h16v-2c0-2.66-5.33-4-8-4zm-6 4c.22-.72 3.31-2 6-2 2.7 0 5.8 1.29 6 2H3zM15.08 7.05c.84 1.18.84 2.71 0 3.89l1.68 1.69c2.02-2.02 2.02-5.07 0-7.27l-1.68 1.69zM20.07 2l-1.63 1.63c2.77 3.02 2.77 7.56 0 10.74L20.07 16c3.9-3.89 3.91-9.95 0-14z\" fill=\"currentColor\" \/><\/svg>\n\t\t\t\t<\/div>\n\t\t\t<\/div>\n\n\n<div style=\"height:30px\" aria-hidden=\"true\" class=\"wp-block-spacer\"><\/div>\n\n\n\n<p class=\"has-text-align-center has-text-color has-link-color wp-elements-65fd099558c69dc1108a31cf804b4465\" style=\"color:#333333;font-size:14px\"><strong>Phone: +49 (0) 5303 959 50<br>Fax: +49 (0) 5303 9 59 595<\/strong><\/p>\n\n\n\n<div style=\"height:23px\" aria-hidden=\"true\" class=\"wp-block-spacer\"><\/div>\n<\/div>\n\n\n\n<div class=\"wp-block-column animated fadeInUp clm_schw has-white-color has-text-color has-background has-link-color wp-elements-41f4979bccad646e25078089ef5fc9aa is-layout-flow wp-block-column-is-layout-flow\" style=\"background-color:#fed03d\">\n<div style=\"height:60px\" aria-hidden=\"true\" class=\"wp-block-spacer\"><\/div>\n\n\n<div class=\"wp-block-coblocks-icon has-text-align-center\">\n\t\t\t\t<div class=\"wp-block-coblocks-icon__inner has-text-color\" style=\"height: 60px; width: 60px; color: #333333; fill: #333333;\">\n\t\t\t\t\t<svg fill=\"none\" viewBox=\"0 0 24 24\" xmlns=\"http:\/\/www.w3.org\/2000\/svg\"><path d=\"m12 4c-4.416 0-8 3.584-8 8s3.584 8 8 8h4v-1.6h-4c-3.472 0-6.4-2.928-6.4-6.4s2.928-6.4 6.4-6.4 6.4 2.928 6.4 6.4v1.144c0 .632-.568 1.256-1.2 1.256s-1.2-.624-1.2-1.256v-1.144c0-2.208-1.792-4-4-4s-4 1.792-4 4 1.792 4 4 4c1.104 0 2.112-.448 2.832-1.176.52.712 1.416 1.176 2.368 1.176 1.576 0 2.8-1.28 2.8-2.856v-1.144c0-4.416-3.584-8-8-8zm0 10.4c-1.328 0-2.4-1.072-2.4-2.4s1.072-2.4 2.4-2.4 2.4 1.072 2.4 2.4-1.072 2.4-2.4 2.4z\" fill=\"currentColor\"\/><\/svg>\n\n\t\t\t\t<\/div>\n\t\t\t<\/div>\n\n\n<div style=\"height:30px\" aria-hidden=\"true\" class=\"wp-block-spacer\"><\/div>\n\n\n\n<p class=\"has-text-align-center has-text-color has-link-color wp-elements-a16f33d6772972cde4629e0ca74b46b3\" style=\"color:#333333;font-size:14px\"><strong>Email: <\/strong><br><strong>info@koernergabelstapler.de<\/strong><\/p>\n\n\n\n<div style=\"height:23px\" aria-hidden=\"true\" class=\"wp-block-spacer\"><\/div>\n<\/div>\n<\/div>\n<\/div>\n<\/div>\n\n\n\n<div style=\"height:70px\" aria-hidden=\"true\" class=\"wp-block-spacer\"><\/div>\n\n\n\n<p class=\"fwd_line\"><\/p>\n\n\n\n<div style=\"height:70px\" aria-hidden=\"true\" class=\"wp-block-spacer\"><\/div>\n\n\n\n<div class=\"wp-block-group animated fadeInLeft\"><div class=\"wp-block-group__inner-container is-layout-constrained wp-block-group-is-layout-constrained\">\n<h2 class=\"wp-block-heading has-text-align-center\">We look forward to your inquiry<\/h2>\n\n\n\n<p class=\"has-text-align-center\" style=\"font-size:17px\">Would you like to rent, purchase or have a machine repaired and require a non binding offer?<\/p>\n<\/div><\/div>\n\n\n\n<div style=\"height:45px\" aria-hidden=\"true\" class=\"wp-block-spacer\"><\/div>\n\n\n\n<div class=\"wp-block-columns animated fadeInLeft is-layout-flex wp-container-core-columns-is-layout-9d6595d7 wp-block-columns-is-layout-flex\">\n<div class=\"wp-block-column is-vertically-aligned-top is-layout-flow wp-block-column-is-layout-flow\">\n<div style=\"height:60px\" aria-hidden=\"true\" class=\"wp-block-spacer\"><\/div>\n\n\n\n<figure class=\"wp-block-image size-full is-resized is-style-default\"><img loading=\"lazy\" decoding=\"async\" width=\"1280\" height=\"1920\" src=\"https:\/\/koernergabelstapler.de\/en\/wp-content\/uploads\/2026\/04\/u_forabl72pp-laptop-8236497_1920.jpg\" alt=\"\" class=\"wp-image-12788\" style=\"object-fit:cover;width:541px;height:785px\" srcset=\"https:\/\/koernergabelstapler.de\/en\/wp-content\/uploads\/2026\/04\/u_forabl72pp-laptop-8236497_1920.jpg 1280w, https:\/\/koernergabelstapler.de\/en\/wp-content\/uploads\/2026\/04\/u_forabl72pp-laptop-8236497_1920-200x300.jpg 200w, https:\/\/koernergabelstapler.de\/en\/wp-content\/uploads\/2026\/04\/u_forabl72pp-laptop-8236497_1920-683x1024.jpg 683w, https:\/\/koernergabelstapler.de\/en\/wp-content\/uploads\/2026\/04\/u_forabl72pp-laptop-8236497_1920-768x1152.jpg 768w, https:\/\/koernergabelstapler.de\/en\/wp-content\/uploads\/2026\/04\/u_forabl72pp-laptop-8236497_1920-1024x1536.jpg 1024w\" sizes=\"auto, (max-width: 1280px) 100vw, 1280px\" \/><\/figure>\n<\/div>\n\n\n\n<div class=\"wp-block-column is-layout-flow wp-block-column-is-layout-flow\"><style id=\"wpforms-css-vars-10657-block-db2a3627-c384-49e9-801d-20e5db28b0f0\">\n\t\t\t\t#wpforms-10657.wpforms-block-db2a3627-c384-49e9-801d-20e5db28b0f0 {\n\t\t\t\t--wpforms-button-background-color: #fed03d;\n--wpforms-field-size-input-height: 43px;\n--wpforms-field-size-input-spacing: 15px;\n--wpforms-field-size-font-size: 16px;\n--wpforms-field-size-line-height: 19px;\n--wpforms-field-size-padding-h: 14px;\n--wpforms-field-size-checkbox-size: 16px;\n--wpforms-field-size-sublabel-spacing: 5px;\n--wpforms-field-size-icon-size: 1;\n--wpforms-label-size-font-size: 16px;\n--wpforms-label-size-line-height: 19px;\n--wpforms-label-size-sublabel-font-size: 14px;\n--wpforms-label-size-sublabel-line-height: 17px;\n--wpforms-button-size-font-size: 17px;\n--wpforms-button-size-height: 41px;\n--wpforms-button-size-padding-h: 15px;\n--wpforms-button-size-margin-top: 10px;\n\t\t\t}\n\t\t\t<\/style><div class=\"wpforms-container wpforms-container-full wpforms-block wpforms-block-db2a3627-c384-49e9-801d-20e5db28b0f0 wpforms-render-modern\" id=\"wpforms-10657\"><form id=\"wpforms-form-10657\" class=\"wpforms-validate wpforms-form wpforms-ajax-form\" data-formid=\"10657\" method=\"post\" enctype=\"multipart\/form-data\" action=\"\/en\/index.php?rest_route=%2Fwp%2Fv2%2Fpages%2F5006\" data-token=\"e6d472122c5fd804ba5195833d516742\" data-token-time=\"1777387138\"><noscript class=\"wpforms-error-noscript\">Please enable JavaScript in your browser to complete this form.<\/noscript><div id=\"wpforms-error-noscript\" style=\"display: none;\">Please enable JavaScript in your browser to complete this form.<\/div><div class=\"wpforms-field-container\"><div id=\"wpforms-10657-field_3-container\" class=\"wpforms-field wpforms-field-select wpforms-field-select-style-classic\" data-field-id=\"3\"><label class=\"wpforms-field-label\" for=\"wpforms-10657-field_3\">Salutation  <span class=\"wpforms-required-label\" aria-hidden=\"true\">*<\/span><\/label><select id=\"wpforms-10657-field_3\" class=\"wpforms-field-medium wpforms-field-required\" name=\"wpforms[fields][3]\" required=\"required\"><option value=\"Mr\"  class=\"choice-1 depth-1\"  >Mr<\/option><option value=\"Mrs\"  class=\"choice-2 depth-1\"  >Mrs<\/option><option value=\"Company\"  class=\"choice-3 depth-1\"  >Company<\/option><option value=\"Mr Dipl.-Ing\"  class=\"choice-4 depth-1\"  >Mr Dipl.-Ing<\/option><option value=\"Mrs Dipl.-Ing\"  class=\"choice-5 depth-1\"  >Mrs Dipl.-Ing<\/option><option value=\"Mr Dr.\"  class=\"choice-6 depth-1\"  >Mr Dr.<\/option><option value=\"Mrs Dr.\"  class=\"choice-7 depth-1\"  >Mrs Dr.<\/option><option value=\"Mr Prof.\"  class=\"choice-8 depth-1\"  >Mr Prof.<\/option><option value=\"Mrs Prof.\"  class=\"choice-9 depth-1\"  >Mrs Prof.<\/option><option value=\"Mr und Mrs\"  class=\"choice-10 depth-1\"  >Mr und Mrs<\/option><option value=\"Family\"  class=\"choice-11 depth-1\"  >Family<\/option><\/select><\/div><div id=\"wpforms-10657-field_0-container\" class=\"wpforms-field wpforms-field-name\" data-field-id=\"0\"><fieldset><legend class=\"wpforms-field-label\">First Name and Last Name <span class=\"wpforms-required-label\" aria-hidden=\"true\">*<\/span><\/legend><div class=\"wpforms-field-row wpforms-field-medium\"><div class=\"wpforms-field-row-block wpforms-first wpforms-one-half\"><input type=\"text\" id=\"wpforms-10657-field_0\" class=\"wpforms-field-name-first wpforms-field-required\" name=\"wpforms[fields][0][first]\" aria-errormessage=\"wpforms-10657-field_0-error\" required><label for=\"wpforms-10657-field_0\" class=\"wpforms-field-sublabel after wpforms-sublabel-hide\">First<\/label><\/div><div class=\"wpforms-field-row-block wpforms-one-half\"><input type=\"text\" id=\"wpforms-10657-field_0-last\" class=\"wpforms-field-name-last wpforms-field-required\" name=\"wpforms[fields][0][last]\" aria-errormessage=\"wpforms-10657-field_0-last-error\" required><label for=\"wpforms-10657-field_0-last\" class=\"wpforms-field-sublabel after wpforms-sublabel-hide\">Last<\/label><\/div><\/div><\/fieldset><\/div><div id=\"wpforms-10657-field_4-container\" class=\"wpforms-field wpforms-field-text\" data-field-id=\"4\"><label class=\"wpforms-field-label\" for=\"wpforms-10657-field_4\">Company<\/label><input type=\"text\" id=\"wpforms-10657-field_4\" class=\"wpforms-field-medium\" name=\"wpforms[fields][4]\" aria-errormessage=\"wpforms-10657-field_4-error\" ><\/div><div id=\"wpforms-10657-field_5-container\" class=\"wpforms-field wpforms-field-text\" data-field-id=\"5\"><label class=\"wpforms-field-label\" for=\"wpforms-10657-field_5\">Street, Postal Code and City<\/label><input type=\"text\" id=\"wpforms-10657-field_5\" class=\"wpforms-field-medium\" name=\"wpforms[fields][5]\" aria-errormessage=\"wpforms-10657-field_5-error\" ><\/div><div id=\"wpforms-10657-field_6-container\" class=\"wpforms-field wpforms-field-name\" data-field-id=\"6\"><fieldset><legend class=\"wpforms-field-label\">Email and Telephone <span class=\"wpforms-required-label\" aria-hidden=\"true\">*<\/span><\/legend><div class=\"wpforms-field-row wpforms-field-medium\"><div class=\"wpforms-field-row-block wpforms-first wpforms-one-half\"><input type=\"text\" id=\"wpforms-10657-field_6\" class=\"wpforms-field-name-first wpforms-field-required\" name=\"wpforms[fields][6][first]\" placeholder=\"Email\" aria-errormessage=\"wpforms-10657-field_6-error\" required><label for=\"wpforms-10657-field_6\" class=\"wpforms-field-sublabel after wpforms-sublabel-hide\">First<\/label><\/div><div class=\"wpforms-field-row-block wpforms-one-half\"><input type=\"text\" id=\"wpforms-10657-field_6-last\" class=\"wpforms-field-name-last wpforms-field-required\" name=\"wpforms[fields][6][last]\" placeholder=\"Telephone\" aria-errormessage=\"wpforms-10657-field_6-last-error\" required><label for=\"wpforms-10657-field_6-last\" class=\"wpforms-field-sublabel after wpforms-sublabel-hide\">Last<\/label><\/div><\/div><\/fieldset><\/div><div id=\"wpforms-10657-field_2-container\" class=\"wpforms-field wpforms-field-textarea\" data-field-id=\"2\"><label class=\"wpforms-field-label\" for=\"wpforms-10657-field_2\">Comment or Message<\/label><textarea id=\"wpforms-10657-field_2\" class=\"wpforms-field-medium\" name=\"wpforms[fields][2]\" aria-errormessage=\"wpforms-10657-field_2-error\" ><\/textarea><\/div><\/div><!-- .wpforms-field-container --><div class=\"wpforms-submit-container\" ><input type=\"hidden\" name=\"wpforms[id]\" value=\"10657\"><input type=\"hidden\" name=\"page_title\" value=\"\"><input type=\"hidden\" name=\"page_url\" value=\"https:\/\/koernergabelstapler.de\/en\/index.php?rest_route=\/wp\/v2\/pages\/5006\"><input type=\"hidden\" name=\"url_referer\" value=\"\"><button type=\"submit\" name=\"wpforms[submit]\" id=\"wpforms-submit-10657\" class=\"wpforms-submit\" data-alt-text=\"Sending...\" data-submit-text=\"Send\" aria-live=\"assertive\" value=\"wpforms-submit\">Send<\/button><img loading=\"lazy\" decoding=\"async\" src=\"https:\/\/koernergabelstapler.de\/en\/wp-content\/plugins\/wpforms-lite\/assets\/images\/submit-spin.svg\" class=\"wpforms-submit-spinner\" style=\"display: none;\" width=\"26\" height=\"26\" alt=\"Loading\"><\/div><\/form><\/div>  <!-- .wpforms-container --><\/div>\n<\/div>\n\n\n\n<div style=\"height:100px\" aria-hidden=\"true\" class=\"wp-block-spacer\"><\/div>\n","protected":false},"excerpt":{"rendered":"<p>W. K\u00f6rner GmbH Braunschweiger Stra\u00dfe 1538179 Gro\u00df Schw\u00fclperGermany Phone: +49 (0) 5303 959 50Fax: +49 (0) 5303 9 59 595 Email: info@koernergabelstapler.de We look forward to your inquiry Would you &#8230;<\/p>\n","protected":false},"author":1,"featured_media":11119,"parent":0,"menu_order":0,"comment_status":"closed","ping_status":"closed","template":"","meta":{"_coblocks_attr":"","_coblocks_dimensions":"","_coblocks_responsive_height":"","_coblocks_accordion_ie_support":"","pgc_sgb_lightbox_settings":"","footnotes":""},"class_list":["post-5006","page","type-page","status-publish","has-post-thumbnail","hentry"],"yoast_head":"<!-- This site is optimized with the Yoast SEO plugin v27.4 - https:\/\/yoast.com\/product\/yoast-seo-wordpress\/ -->\n<title>Contact - W. K\u00f6rner GmbH<\/title>\n<meta name=\"robots\" content=\"index, follow, max-snippet:-1, max-image-preview:large, max-video-preview:-1\" \/>\n<link rel=\"canonical\" href=\"https:\/\/koernergabelstapler.de\/en\/?page_id=5006\" \/>\n<meta property=\"og:locale\" content=\"en_US\" \/>\n<meta property=\"og:type\" content=\"article\" \/>\n<meta property=\"og:title\" content=\"Contact - W. K\u00f6rner GmbH\" \/>\n<meta property=\"og:description\" content=\"W. K\u00f6rner GmbH Braunschweiger Stra\u00dfe 1538179 Gro\u00df Schw\u00fclperGermany Phone: +49 (0) 5303 959 50Fax: +49 (0) 5303 9 59 595 Email: info@koernergabelstapler.de We look forward to your inquiry Would you ...\" \/>\n<meta property=\"og:url\" content=\"https:\/\/koernergabelstapler.de\/en\/?page_id=5006\" \/>\n<meta property=\"og:site_name\" content=\"W. K\u00f6rner GmbH\" \/>\n<meta property=\"article:modified_time\" content=\"2026-04-17T12:54:38+00:00\" \/>\n<meta property=\"og:image\" content=\"https:\/\/koernergabelstapler.de\/en\/wp-content\/uploads\/2026\/03\/slider-image-01.jpg\" \/>\n\t<meta property=\"og:image:width\" content=\"1200\" \/>\n\t<meta property=\"og:image:height\" content=\"675\" \/>\n\t<meta property=\"og:image:type\" content=\"image\/jpeg\" \/>\n<meta name=\"twitter:card\" content=\"summary_large_image\" \/>\n<script type=\"application\/ld+json\" class=\"yoast-schema-graph\">{\"@context\":\"https:\\\/\\\/schema.org\",\"@graph\":[{\"@type\":\"WebPage\",\"@id\":\"https:\\\/\\\/koernergabelstapler.de\\\/en\\\/?page_id=5006\",\"url\":\"https:\\\/\\\/koernergabelstapler.de\\\/en\\\/?page_id=5006\",\"name\":\"Contact - W. K\u00f6rner GmbH\",\"isPartOf\":{\"@id\":\"https:\\\/\\\/koernergabelstapler.de\\\/en\\\/#website\"},\"primaryImageOfPage\":{\"@id\":\"https:\\\/\\\/koernergabelstapler.de\\\/en\\\/?page_id=5006#primaryimage\"},\"image\":{\"@id\":\"https:\\\/\\\/koernergabelstapler.de\\\/en\\\/?page_id=5006#primaryimage\"},\"thumbnailUrl\":\"https:\\\/\\\/koernergabelstapler.de\\\/en\\\/wp-content\\\/uploads\\\/2026\\\/03\\\/slider-image-01.jpg\",\"datePublished\":\"2021-07-22T11:42:56+00:00\",\"dateModified\":\"2026-04-17T12:54:38+00:00\",\"breadcrumb\":{\"@id\":\"https:\\\/\\\/koernergabelstapler.de\\\/en\\\/?page_id=5006#breadcrumb\"},\"inLanguage\":\"en-US\",\"potentialAction\":[{\"@type\":\"ReadAction\",\"target\":[\"https:\\\/\\\/koernergabelstapler.de\\\/en\\\/?page_id=5006\"]}]},{\"@type\":\"ImageObject\",\"inLanguage\":\"en-US\",\"@id\":\"https:\\\/\\\/koernergabelstapler.de\\\/en\\\/?page_id=5006#primaryimage\",\"url\":\"https:\\\/\\\/koernergabelstapler.de\\\/en\\\/wp-content\\\/uploads\\\/2026\\\/03\\\/slider-image-01.jpg\",\"contentUrl\":\"https:\\\/\\\/koernergabelstapler.de\\\/en\\\/wp-content\\\/uploads\\\/2026\\\/03\\\/slider-image-01.jpg\",\"width\":1200,\"height\":675},{\"@type\":\"BreadcrumbList\",\"@id\":\"https:\\\/\\\/koernergabelstapler.de\\\/en\\\/?page_id=5006#breadcrumb\",\"itemListElement\":[{\"@type\":\"ListItem\",\"position\":1,\"name\":\"Home\",\"item\":\"https:\\\/\\\/koernergabelstapler.de\\\/en\\\/\"},{\"@type\":\"ListItem\",\"position\":2,\"name\":\"Contact\"}]},{\"@type\":\"WebSite\",\"@id\":\"https:\\\/\\\/koernergabelstapler.de\\\/en\\\/#website\",\"url\":\"https:\\\/\\\/koernergabelstapler.de\\\/en\\\/\",\"name\":\"W. K\u00f6rner GmbH\",\"description\":\"Storage and transport systems\",\"publisher\":{\"@id\":\"https:\\\/\\\/koernergabelstapler.de\\\/en\\\/#organization\"},\"potentialAction\":[{\"@type\":\"SearchAction\",\"target\":{\"@type\":\"EntryPoint\",\"urlTemplate\":\"https:\\\/\\\/koernergabelstapler.de\\\/en\\\/?s={search_term_string}\"},\"query-input\":{\"@type\":\"PropertyValueSpecification\",\"valueRequired\":true,\"valueName\":\"search_term_string\"}}],\"inLanguage\":\"en-US\"},{\"@type\":\"Organization\",\"@id\":\"https:\\\/\\\/koernergabelstapler.de\\\/en\\\/#organization\",\"name\":\"Mustermann GmbH\",\"url\":\"https:\\\/\\\/koernergabelstapler.de\\\/en\\\/\",\"logo\":{\"@type\":\"ImageObject\",\"inLanguage\":\"en-US\",\"@id\":\"https:\\\/\\\/koernergabelstapler.de\\\/en\\\/#\\\/schema\\\/logo\\\/image\\\/\",\"url\":\"https:\\\/\\\/koernergabelstapler.de\\\/en\\\/wp-content\\\/uploads\\\/2026\\\/03\\\/201809_LOGO-Koerner-4c-HR_200px.png\",\"contentUrl\":\"https:\\\/\\\/koernergabelstapler.de\\\/en\\\/wp-content\\\/uploads\\\/2026\\\/03\\\/201809_LOGO-Koerner-4c-HR_200px.png\",\"width\":200,\"height\":134,\"caption\":\"Mustermann GmbH\"},\"image\":{\"@id\":\"https:\\\/\\\/koernergabelstapler.de\\\/en\\\/#\\\/schema\\\/logo\\\/image\\\/\"}}]}<\/script>\n<!-- \/ Yoast SEO plugin. -->","yoast_head_json":{"title":"Contact - W. K\u00f6rner GmbH","robots":{"index":"index","follow":"follow","max-snippet":"max-snippet:-1","max-image-preview":"max-image-preview:large","max-video-preview":"max-video-preview:-1"},"canonical":"https:\/\/koernergabelstapler.de\/en\/?page_id=5006","og_locale":"en_US","og_type":"article","og_title":"Contact - W. K\u00f6rner GmbH","og_description":"W. K\u00f6rner GmbH Braunschweiger Stra\u00dfe 1538179 Gro\u00df Schw\u00fclperGermany Phone: +49 (0) 5303 959 50Fax: +49 (0) 5303 9 59 595 Email: info@koernergabelstapler.de We look forward to your inquiry Would you ...","og_url":"https:\/\/koernergabelstapler.de\/en\/?page_id=5006","og_site_name":"W. K\u00f6rner GmbH","article_modified_time":"2026-04-17T12:54:38+00:00","og_image":[{"width":1200,"height":675,"url":"https:\/\/koernergabelstapler.de\/en\/wp-content\/uploads\/2026\/03\/slider-image-01.jpg","type":"image\/jpeg"}],"twitter_card":"summary_large_image","schema":{"@context":"https:\/\/schema.org","@graph":[{"@type":"WebPage","@id":"https:\/\/koernergabelstapler.de\/en\/?page_id=5006","url":"https:\/\/koernergabelstapler.de\/en\/?page_id=5006","name":"Contact - W. K\u00f6rner GmbH","isPartOf":{"@id":"https:\/\/koernergabelstapler.de\/en\/#website"},"primaryImageOfPage":{"@id":"https:\/\/koernergabelstapler.de\/en\/?page_id=5006#primaryimage"},"image":{"@id":"https:\/\/koernergabelstapler.de\/en\/?page_id=5006#primaryimage"},"thumbnailUrl":"https:\/\/koernergabelstapler.de\/en\/wp-content\/uploads\/2026\/03\/slider-image-01.jpg","datePublished":"2021-07-22T11:42:56+00:00","dateModified":"2026-04-17T12:54:38+00:00","breadcrumb":{"@id":"https:\/\/koernergabelstapler.de\/en\/?page_id=5006#breadcrumb"},"inLanguage":"en-US","potentialAction":[{"@type":"ReadAction","target":["https:\/\/koernergabelstapler.de\/en\/?page_id=5006"]}]},{"@type":"ImageObject","inLanguage":"en-US","@id":"https:\/\/koernergabelstapler.de\/en\/?page_id=5006#primaryimage","url":"https:\/\/koernergabelstapler.de\/en\/wp-content\/uploads\/2026\/03\/slider-image-01.jpg","contentUrl":"https:\/\/koernergabelstapler.de\/en\/wp-content\/uploads\/2026\/03\/slider-image-01.jpg","width":1200,"height":675},{"@type":"BreadcrumbList","@id":"https:\/\/koernergabelstapler.de\/en\/?page_id=5006#breadcrumb","itemListElement":[{"@type":"ListItem","position":1,"name":"Home","item":"https:\/\/koernergabelstapler.de\/en\/"},{"@type":"ListItem","position":2,"name":"Contact"}]},{"@type":"WebSite","@id":"https:\/\/koernergabelstapler.de\/en\/#website","url":"https:\/\/koernergabelstapler.de\/en\/","name":"W. K\u00f6rner GmbH","description":"Storage and transport systems","publisher":{"@id":"https:\/\/koernergabelstapler.de\/en\/#organization"},"potentialAction":[{"@type":"SearchAction","target":{"@type":"EntryPoint","urlTemplate":"https:\/\/koernergabelstapler.de\/en\/?s={search_term_string}"},"query-input":{"@type":"PropertyValueSpecification","valueRequired":true,"valueName":"search_term_string"}}],"inLanguage":"en-US"},{"@type":"Organization","@id":"https:\/\/koernergabelstapler.de\/en\/#organization","name":"Mustermann GmbH","url":"https:\/\/koernergabelstapler.de\/en\/","logo":{"@type":"ImageObject","inLanguage":"en-US","@id":"https:\/\/koernergabelstapler.de\/en\/#\/schema\/logo\/image\/","url":"https:\/\/koernergabelstapler.de\/en\/wp-content\/uploads\/2026\/03\/201809_LOGO-Koerner-4c-HR_200px.png","contentUrl":"https:\/\/koernergabelstapler.de\/en\/wp-content\/uploads\/2026\/03\/201809_LOGO-Koerner-4c-HR_200px.png","width":200,"height":134,"caption":"Mustermann GmbH"},"image":{"@id":"https:\/\/koernergabelstapler.de\/en\/#\/schema\/logo\/image\/"}}]}},"_links":{"self":[{"href":"https:\/\/koernergabelstapler.de\/en\/index.php?rest_route=\/wp\/v2\/pages\/5006","targetHints":{"allow":["GET"]}}],"collection":[{"href":"https:\/\/koernergabelstapler.de\/en\/index.php?rest_route=\/wp\/v2\/pages"}],"about":[{"href":"https:\/\/koernergabelstapler.de\/en\/index.php?rest_route=\/wp\/v2\/types\/page"}],"author":[{"embeddable":true,"href":"https:\/\/koernergabelstapler.de\/en\/index.php?rest_route=\/wp\/v2\/users\/1"}],"replies":[{"embeddable":true,"href":"https:\/\/koernergabelstapler.de\/en\/index.php?rest_route=%2Fwp%2Fv2%2Fcomments&post=5006"}],"version-history":[{"count":135,"href":"https:\/\/koernergabelstapler.de\/en\/index.php?rest_route=\/wp\/v2\/pages\/5006\/revisions"}],"predecessor-version":[{"id":12981,"href":"https:\/\/koernergabelstapler.de\/en\/index.php?rest_route=\/wp\/v2\/pages\/5006\/revisions\/12981"}],"wp:featuredmedia":[{"embeddable":true,"href":"https:\/\/koernergabelstapler.de\/en\/index.php?rest_route=\/wp\/v2\/media\/11119"}],"wp:attachment":[{"href":"https:\/\/koernergabelstapler.de\/en\/index.php?rest_route=%2Fwp%2Fv2%2Fmedia&parent=5006"}],"curies":[{"name":"wp","href":"https:\/\/api.w.org\/{rel}","templated":true}]}}